{"id":6596,"date":"2022-02-18T15:44:28","date_gmt":"2022-02-18T18:44:28","guid":{"rendered":"https:\/\/www.lablife.com.br\/site\/?page_id=6596"},"modified":"2024-04-18T10:24:59","modified_gmt":"2024-04-18T13:24:59","slug":"home-duplicada","status":"publish","type":"page","link":"https:\/\/www.lablife.com.br\/site\/","title":{"rendered":"Home Inicial"},"content":{"rendered":"\t\t<div data-elementor-type=\"wp-page\" data-elementor-id=\"6596\" class=\"elementor elementor-6596\">\n\t\t\t\t\t\t<section class=\"elementor-section elementor-top-section elementor-element elementor-element-13c0cea3 elementor-section-boxed elementor-section-height-default elementor-section-height-default\" data-id=\"13c0cea3\" data-element_type=\"section\">\n\t\t\t\t\t\t<div class=\"elementor-container elementor-column-gap-default\">\n\t\t\t\t\t<div class=\"elementor-column elementor-col-100 elementor-top-column elementor-element elementor-element-3e1feac3\" data-id=\"3e1feac3\" data-element_type=\"column\">\n\t\t\t<div class=\"elementor-widget-wrap elementor-element-populated\">\n\t\t\t\t\t\t<div class=\"elementor-element elementor-element-621fdad5 elementor-widget__width-initial elementor-widget elementor-widget-text-editor\" data-id=\"621fdad5\" data-element_type=\"widget\" data-widget_type=\"text-editor.default\">\n\t\t\t\t<div class=\"elementor-widget-container\">\n\t\t\t\t\t\t\t\t\t<p>\t\t\t<!-- START Slider 1 REVOLUTION SLIDER 6.4.11 --><\/p>\n<p class=\"rs-p-wp-fix\">\n<p>\t\t\t<rs-module-wrap id=\"rev_slider_8_1_wrapper\" data-source=\"gallery\" style=\"background:transparent;padding:0;margin:0px auto;margin-top:0;margin-bottom:0;\"><br \/>\n\t\t\t\t<rs-module id=\"rev_slider_8_1\" style=\"\" data-version=\"6.4.11\"><br \/>\n\t\t\t\t\t<rs-slides><br \/>\n\t\t\t\t\t\t<rs-slide data-key=\"rs-19\" data-title=\"Slide\" data-in=\"o:0;\" data-out=\"a:false;\"><br \/>\n\t\t\t\t\t\t\t<img decoding=\"async\" src=\"\/\/www.lablife.com.br\/site\/wp-content\/plugins\/revslider\/public\/assets\/assets\/transparent.png\" title=\"Home Inicial\" class=\"rev-slidebg tp-rs-img\" data-bg=\"r:repeat;\" data-no-retina><br \/>\n<!--\n\t\t\t\t\t\t\t--><rs-layer\n\t\t\t\t\t\t\t\tid=\"slider-8-slide-19-layer-1\" \n\t\t\t\t\t\t\t\tdata-type=\"image\"\n\t\t\t\t\t\t\t\tdata-rsp_ch=\"on\"\n\t\t\t\t\t\t\t\tdata-xy=\"x:-4px;y:30px;\"\n\t\t\t\t\t\t\t\tdata-text=\"w:normal;\"\n\t\t\t\t\t\t\t\tdata-dim=\"w:1243px;h:430px;\"\n\t\t\t\t\t\t\t\tdata-frame_999=\"o:0;st:w;sR:3960;\"\n\t\t\t\t\t\t\t\tstyle=\"z-index:8;\"\n\t\t\t\t\t\t\t><img fetchpriority=\"high\" decoding=\"async\" src=\"\/\/www.lablife.com.br\/site\/wp-content\/uploads\/2023\/07\/1-BANNER SITE LABLIFE.png\" class=\"tp-rs-img\" width=\"1920\" height=\"664\" data-no-retina><br \/>\n\t\t\t\t\t\t\t<\/rs-layer><!--\n-->\t\t\t\t\t\t<\/rs-slide><br \/>\n\t\t\t\t\t\t<rs-slide data-key=\"rs-21\" data-title=\"Slide\" data-in=\"o:0;\" data-out=\"a:false;\"><br \/>\n\t\t\t\t\t\t\t<img decoding=\"async\" src=\"\/\/www.lablife.com.br\/site\/wp-content\/plugins\/revslider\/public\/assets\/assets\/transparent.png\" title=\"Home Inicial\" class=\"rev-slidebg tp-rs-img\" data-no-retina><br \/>\n<!--\n\t\t\t\t\t\t\t--><rs-layer\n\t\t\t\t\t\t\t\tid=\"slider-8-slide-21-layer-1\" \n\t\t\t\t\t\t\t\tdata-type=\"image\"\n\t\t\t\t\t\t\t\tdata-rsp_ch=\"on\"\n\t\t\t\t\t\t\t\tdata-xy=\"x:-4px;y:30px;\"\n\t\t\t\t\t\t\t\tdata-text=\"w:normal;\"\n\t\t\t\t\t\t\t\tdata-dim=\"w:1243px;h:430px;\"\n\t\t\t\t\t\t\t\tdata-frame_999=\"o:0;st:w;\"\n\t\t\t\t\t\t\t\tstyle=\"z-index:5;\"\n\t\t\t\t\t\t\t><img fetchpriority=\"high\" decoding=\"async\" src=\"\/\/www.lablife.com.br\/site\/wp-content\/uploads\/2023\/07\/1-BANNER SITE LABLIFE.png\" class=\"tp-rs-img\" width=\"1920\" height=\"664\" data-no-retina><br \/>\n\t\t\t\t\t\t\t<\/rs-layer><!--\n-->\t\t\t\t\t\t<\/rs-slide><br \/>\n\t\t\t\t\t<\/rs-slides><br \/>\n\t\t\t\t<\/rs-module><br \/>\n\t\t\t\t<script type=\"text\/javascript\">\n\t\t\t\t\tsetREVStartSize({c: 'rev_slider_8_1',rl:[1240,1024,778,480],el:[900],gw:[1240],gh:[900],type:'standard',justify:'',layout:'fullwidth',mh:\"0\"});\n\t\t\t\t\tvar\trevapi8,\n\t\t\t\t\t\ttpj;\n\t\t\t\t\tfunction revinit_revslider81() {\n\t\t\t\t\tjQuery(function() {\n\t\t\t\t\t\ttpj = jQuery;\n\t\t\t\t\t\trevapi8 = tpj(\"#rev_slider_8_1\");\n\t\t\t\t\t\tif(revapi8==undefined || revapi8.revolution == undefined){\n\t\t\t\t\t\t\trevslider_showDoubleJqueryError(\"rev_slider_8_1\");\n\t\t\t\t\t\t}else{\n\t\t\t\t\t\t\trevapi8.revolution({\n\t\t\t\t\t\t\t\tDPR:\"dpr\",\n\t\t\t\t\t\t\t\tsliderLayout:\"fullwidth\",\n\t\t\t\t\t\t\t\tvisibilityLevels:\"1240,1024,778,480\",\n\t\t\t\t\t\t\t\tgridwidth:1240,\n\t\t\t\t\t\t\t\tgridheight:900,\n\t\t\t\t\t\t\t\tperspective:600,\n\t\t\t\t\t\t\t\tperspectiveType:\"global\",\n\t\t\t\t\t\t\t\teditorheight:\"900,768,960,720\",\n\t\t\t\t\t\t\t\tresponsiveLevels:\"1240,1024,778,480\",\n\t\t\t\t\t\t\t\tprogressBar:{disableProgressBar:true},\n\t\t\t\t\t\t\t\tnavigation: {\n\t\t\t\t\t\t\t\t\tonHoverStop:false\n\t\t\t\t\t\t\t\t},\n\t\t\t\t\t\t\t\tfallbacks: {\n\t\t\t\t\t\t\t\t\tallowHTML5AutoPlayOnAndroid:true\n\t\t\t\t\t\t\t\t},\n\t\t\t\t\t\t\t});\n\t\t\t\t\t\t}<\/p>\n<p>\t\t\t\t\t});\n\t\t\t\t\t} \/\/ End of RevInitScript\n\t\t\t\tvar once_revslider81 = false;\n\t\t\t\tif (document.readyState === \"loading\") {document.addEventListener('readystatechange',function() { if((document.readyState === \"interactive\" || document.readyState === \"complete\") && !once_revslider81 ) { once_revslider81 = true; revinit_revslider81();}});} else {once_revslider81 = true; revinit_revslider81();}\n\t\t\t\t<\/script><br \/>\n\t\t\t<\/rs-module-wrap><br \/>\n\t\t\t<!-- END REVOLUTION SLIDER --><\/p>\n\n<h3 class=\"wp-block-heading\">Agendamento Online<\/h3>\n\n<p>Agende seus exames em uma de nossas unidades<br \/><a href=\"https:\/\/bit.ly\/2AeItNJ\"><br \/>Acessar<br \/><\/a><\/p>\n\n<h3 class=\"wp-block-heading\">Drive Thru<\/h3>\n\n<p>Seja atendido em exames r\u00e1pidos de dentro do seu autom\u00f3vel<br \/><a href=\"https:\/\/bit.ly\/2AeItNJ\"><br \/>Agendar<br \/><\/a><\/p>\n\n<h3 class=\"wp-block-heading\">Coleta Domiciliar<\/h3>\n\n<p>Algu\u00e9m de nossa equipe ira ate sua resid\u00eancia para coleta de materiais<br \/><a href=\"https:\/\/bit.ly\/2AeItNJ\"><br \/>Agendar<br \/><\/a><\/p>\n\n<h3 class=\"wp-block-heading\">Resultados Online<\/h3>\n\n<p>Acesse o resultados dos seus exames feitos<br \/><a href=\"https:\/\/lis.lablife.com.br\/shift\/lis\/lablife\/elis\/s01.iu.web.Login.cls?config=UNICO\"><br \/>Acessar<br \/><\/a><br \/><img decoding=\"async\" src=\"https:\/\/www.lablife.com.br\/site\/wp-content\/uploads\/2021\/07\/medjock-4-1.jpg\" sizes=\"(max-width: 640px) 100vw, 640px\" srcset=\"https:\/\/www.lablife.com.br\/site\/wp-content\/uploads\/2021\/07\/medjock-4-1.jpg 640w, https:\/\/www.lablife.com.br\/site\/wp-content\/uploads\/2021\/07\/medjock-4-1-300x225.jpg 300w, https:\/\/www.lablife.com.br\/site\/wp-content\/uploads\/2021\/07\/medjock-4-1-600x450.jpg 600w\" alt=\"\" width=\"640\" height=\"480\" \/><br \/>Institucional<\/p>\n\n<h3 class=\"wp-block-heading\">Rede LabLife<\/h3>\n\n<p class=\"has-text-align-left\">Ao longo de quase 20 anos de atua\u00e7\u00e3o, o LabLife conquistou uma s\u00f3lida reputa\u00e7\u00e3o, inspira\u00e7\u00e3o e confian\u00e7a na \u00e1rea de exames laboratoriais em todo o Piau\u00ed.\u00a0Surgimos no dia 08 de setembro de 2003 com a proposta de oferecer inova\u00e7\u00f5es no segmento de an\u00e1lises cl\u00ednicas a partir da larga experi\u00eancia dos nossos s\u00f3cios-fundadores \u2013 o m\u00e9dico e radiologista, Dr. Luc\u00eddio Portella; o Biom\u00e9dico, Dr. Jos\u00e9 Fontes; o m\u00e9dico endocrinologista, Dr. Fl\u00e1vio Vasconcelos Melo e o farmac\u00eautico bioqu\u00edmico, Dr. Ant\u00f4nio Martins \u2013 todos pioneiros na realiza\u00e7\u00e3o de v\u00e1rios exames laboratoriais no estado do Piau\u00ed. <a href=\"https:\/\/www.lablife.com.br\/site\/nossa-historia\/\"><strong>LEIA MAIS<\/strong><\/a><\/p>\n\n<p>Atendimento<\/p>\n\n<h3 class=\"wp-block-heading\">Unidades LabLife<\/h3>\n\n<figure class=\"wp-block-image\"><img decoding=\"async\" src=\"https:\/\/www.lablife.com.br\/site\/wp-content\/uploads\/2020\/03\/familia-23.png\" alt=\"\" \/><\/figure>\n\n<h3 class=\"wp-block-heading\"><a href=\"https:\/\/www.lablife.com.br\/site\/service\/unidadematriz\/\">Unidade Fam\u00edlia<\/a><\/h3>\n\n<p>R. Des. Pires de Castro, 265 &#8211; Centro (Sul), Teresina &#8211; PI, 64001-390<br \/><br \/><img decoding=\"async\" src=\"https:\/\/www.lablife.com.br\/site\/wp-content\/uploads\/2020\/03\/MED-JO.png\" alt=\"\" width=\"500\" height=\"500\" \/><\/p>\n\n<h3 class=\"wp-block-heading\"><a href=\"https:\/\/www.lablife.com.br\/site\/service\/unidademedjockey\/\">Med Jockey<\/a><\/h3>\n\n<p>Av. Sen. Ar\u00eaa Le\u00e3o, 1480 &#8211; S\u00e3o Crist\u00f3v\u00e3o, Teresina &#8211; PI, 64045-040<br \/><br \/><img loading=\"lazy\" decoding=\"async\" src=\"https:\/\/www.lablife.com.br\/site\/wp-content\/uploads\/2020\/03\/joquei-icon.png\" alt=\"\" width=\"500\" height=\"500\" \/><\/p>\n\n<h3 class=\"wp-block-heading\"><a href=\"https:\/\/www.lablife.com.br\/site\/service\/unidadejockey\/\">Unidade Jockey<\/a><\/h3>\n\n<p>Av. Dom Severino, 2212 &#8211; F\u00e1tima, Teresina &#8211; PI, 64049-375<br \/><br \/><img loading=\"lazy\" decoding=\"async\" src=\"https:\/\/www.lablife.com.br\/site\/wp-content\/uploads\/2020\/02\/medcenter-4-2.png\" alt=\"\" width=\"500\" height=\"500\" \/><\/p>\n\n<h3 class=\"wp-block-heading\"><a href=\"https:\/\/www.lablife.com.br\/site\/?post_type=service&amp;p=651\">Lourival Parente<\/a><\/h3>\n\n<p>R. Marechal Hermes da Fonseca, 429 &#8211; Lourival Parente, Teresina &#8211; PI, 64022-150<br \/><br \/><img loading=\"lazy\" decoding=\"async\" src=\"https:\/\/www.lablife.com.br\/site\/wp-content\/uploads\/2020\/02\/caxias-e1656761652930.png\" alt=\"\" width=\"500\" height=\"500\" \/><\/p>\n\n<h3 class=\"wp-block-heading\"><a href=\"https:\/\/www.lablife.com.br\/site\/?post_type=service&amp;p=649\">Caxias<\/a><\/h3>\n\n<p>Caxias Shopping Center Rodovia BR-316, Km 554 &#8211; Bela Vista, Caxias &#8211; MA, 65605-295<br \/><br \/><img loading=\"lazy\" decoding=\"async\" src=\"https:\/\/www.lablife.com.br\/site\/wp-content\/uploads\/2020\/10\/women-01.png\" alt=\"\" width=\"300\" height=\"408\" \/><br \/>SUPORTE LABLIFE<\/p>\n\n<h4 class=\"wp-block-heading\">Precisando de ajuda ou alguma d\u00favida sobre nossos servi\u00e7os?<\/h4>\n\n<p><a href=\"https:\/\/www.lablife.com.br\/site\/contato\/\"><br \/>Entre em contato <\/a><br \/>Rede Credenciada<\/p>\n\n<h3 class=\"wp-block-heading\">CONV\u00caNIOS<\/h3>\n\n<p><a href=\"#\"><br \/><img loading=\"lazy\" decoding=\"async\" src=\"https:\/\/www.lablife.com.br\/site\/wp-content\/uploads\/2021\/06\/2UNIMED.png\" alt=\"\" width=\"300\" height=\"107\" \/> <img loading=\"lazy\" decoding=\"async\" src=\"https:\/\/www.lablife.com.br\/site\/wp-content\/uploads\/2021\/06\/2UNIMED.png\" alt=\"\" width=\"300\" height=\"107\" \/> <\/a><br \/><a href=\"#\"><br \/><img loading=\"lazy\" decoding=\"async\" src=\"https:\/\/www.lablife.com.br\/site\/wp-content\/uploads\/2021\/06\/2SAU\u0301DE-CAIXA.png\" alt=\"\" width=\"300\" height=\"168\" \/> <img loading=\"lazy\" decoding=\"async\" src=\"https:\/\/www.lablife.com.br\/site\/wp-content\/uploads\/2021\/06\/2SAU\u0301DE-CAIXA.png\" alt=\"\" width=\"300\" height=\"168\" \/> <\/a><br \/><a href=\"#\"><br \/><img loading=\"lazy\" decoding=\"async\" src=\"https:\/\/www.lablife.com.br\/site\/wp-content\/uploads\/2021\/06\/2SEST-SENAT.png\" alt=\"\" width=\"300\" height=\"181\" \/> <img loading=\"lazy\" decoding=\"async\" src=\"https:\/\/www.lablife.com.br\/site\/wp-content\/uploads\/2021\/06\/2SEST-SENAT.png\" alt=\"\" width=\"300\" height=\"181\" \/> <\/a><br \/><a href=\"#\"><br \/><img loading=\"lazy\" decoding=\"async\" src=\"https:\/\/www.lablife.com.br\/site\/wp-content\/uploads\/2021\/06\/2POSTALSAU\u0301DE.png\" alt=\"\" width=\"300\" height=\"82\" \/> <img loading=\"lazy\" decoding=\"async\" src=\"https:\/\/www.lablife.com.br\/site\/wp-content\/uploads\/2021\/06\/2POSTALSAU\u0301DE.png\" alt=\"\" width=\"300\" height=\"82\" \/> <\/a><br \/><a href=\"#\"><br \/><img loading=\"lazy\" decoding=\"async\" src=\"https:\/\/www.lablife.com.br\/site\/wp-content\/uploads\/2021\/06\/2IPMT.png\" alt=\"\" width=\"300\" height=\"178\" \/> <img loading=\"lazy\" decoding=\"async\" src=\"https:\/\/www.lablife.com.br\/site\/wp-content\/uploads\/2021\/06\/2IPMT.png\" alt=\"\" width=\"300\" height=\"178\" \/> <\/a><br \/><a href=\"#\"><br \/><img loading=\"lazy\" decoding=\"async\" src=\"https:\/\/www.lablife.com.br\/site\/wp-content\/uploads\/2021\/06\/2CODEVASF.png\" alt=\"\" width=\"300\" height=\"66\" \/> <img loading=\"lazy\" decoding=\"async\" src=\"https:\/\/www.lablife.com.br\/site\/wp-content\/uploads\/2021\/06\/2CODEVASF.png\" alt=\"\" width=\"300\" height=\"66\" \/> <\/a><br \/><a href=\"#\"><br \/><img loading=\"lazy\" decoding=\"async\" src=\"https:\/\/www.lablife.com.br\/site\/wp-content\/uploads\/2021\/06\/2CASEMBRAPA-e1656760742472.png\" alt=\"\" width=\"270\" height=\"270\" \/> <img loading=\"lazy\" decoding=\"async\" src=\"https:\/\/www.lablife.com.br\/site\/wp-content\/uploads\/2021\/06\/2CASEMBRAPA-e1656760742472.png\" alt=\"\" width=\"270\" height=\"270\" \/> <\/a><br \/>Informativo<\/p>\n\n<h3 class=\"wp-block-heading\">Noticias de sa\u00fade e bem estar<\/h3>\n\n<figure class=\"wp-block-image\"><a href=\"https:\/\/www.lablife.com.br\/site\/lablife-realiza-arraia-entre-colaboradores-e-convidados\/\"><img decoding=\"async\" title=\"IMG_0526\" src=\"https:\/\/www.lablife.com.br\/site\/wp-content\/uploads\/2023\/07\/IMG_0526-scaled-600x414.jpg\" alt=\"IMG_0526\" \/><\/a><\/figure>\n\n<ul class=\"wp-block-list\">\n<li>11\/07\/2023<\/li>\n<\/ul>\n\n<h3 class=\"wp-block-heading\"><a href=\"https:\/\/www.lablife.com.br\/site\/lablife-realiza-arraia-entre-colaboradores-e-convidados\/\">Lablife realiza Arrai\u00e1 entre colaboradores e convidados<\/a><\/h3>\n\n<p><a href=\"https:\/\/www.lablife.com.br\/site\/lablife-realiza-arraia-entre-colaboradores-e-convidados\/\"><br \/>Consulte Mais informa\u00e7\u00e3o<br \/><\/a><br \/><a href=\"https:\/\/www.lablife.com.br\/site\/lablife-participa-do-dia-de-cooperar-2023-em-teresina\/\"><img loading=\"lazy\" decoding=\"async\" title=\"IMG_0418\" src=\"https:\/\/www.lablife.com.br\/site\/wp-content\/uploads\/2023\/07\/IMG_0418-scaled-600x414.jpg\" alt=\"IMG_0418\" width=\"600\" height=\"414\" \/><\/a><\/p>\n\n<ul class=\"wp-block-list\">\n<li>05\/07\/2023<\/li>\n<\/ul>\n\n<h3 class=\"wp-block-heading\"><a href=\"https:\/\/www.lablife.com.br\/site\/lablife-participa-do-dia-de-cooperar-2023-em-teresina\/\">Lablife participa do Dia de Cooperar 2023 em Teresina<\/a><\/h3>\n\n<p><a href=\"https:\/\/www.lablife.com.br\/site\/lablife-participa-do-dia-de-cooperar-2023-em-teresina\/\"><br \/>Consulte Mais informa\u00e7\u00e3o<br \/><\/a><br \/><a href=\"https:\/\/www.lablife.com.br\/site\/dia-das-maes-no-lablife\/\"><img loading=\"lazy\" decoding=\"async\" title=\"WhatsApp Image 2023-05-18 at 09.19.50\" src=\"https:\/\/www.lablife.com.br\/site\/wp-content\/uploads\/2023\/05\/WhatsApp-Image-2023-05-18-at-09.19.50-600x414.jpeg\" alt=\"WhatsApp Image 2023-05-18 at 09.19.50\" width=\"600\" height=\"414\" \/><\/a><\/p>\n\n<ul class=\"wp-block-list\">\n<li>18\/05\/2023<\/li>\n<\/ul>\n\n<h3 class=\"wp-block-heading\"><a href=\"https:\/\/www.lablife.com.br\/site\/dia-das-maes-no-lablife\/\">Dia das M\u00e3es no Lablife<\/a><\/h3>\n\n<p><a href=\"https:\/\/www.lablife.com.br\/site\/dia-das-maes-no-lablife\/\"><br \/>Consulte Mais informa\u00e7\u00e3o<br \/><\/a><br \/><a href=\"https:\/\/www.lablife.com.br\/site\/lablife-marca-presenca-no-evento-delas-day-do-sebrae-piaui\/\"><img loading=\"lazy\" decoding=\"async\" title=\"WhatsApp Image 2023-05-10 at 10.21.14\" src=\"https:\/\/www.lablife.com.br\/site\/wp-content\/uploads\/2023\/05\/WhatsApp-Image-2023-05-10-at-10.21.14-600x414.jpeg\" alt=\"WhatsApp Image 2023-05-10 at 10.21.14\" width=\"600\" height=\"414\" \/><\/a><\/p>\n\n<ul class=\"wp-block-list\">\n<li>11\/05\/2023<\/li>\n<\/ul>\n\n<h3 class=\"wp-block-heading\"><a href=\"https:\/\/www.lablife.com.br\/site\/lablife-marca-presenca-no-evento-delas-day-do-sebrae-piaui\/\">Lablife marca presen\u00e7a no evento Delas Day do Sebrae Piau\u00ed<\/a><\/h3>\n\n<p><a href=\"https:\/\/www.lablife.com.br\/site\/lablife-marca-presenca-no-evento-delas-day-do-sebrae-piaui\/\"><br \/>Consulte Mais informa\u00e7\u00e3o<br \/><\/a><br \/><a href=\"https:\/\/www.lablife.com.br\/site\/lablife-realiza-acao-de-pascoa-para-os-clientes\/\"><img loading=\"lazy\" decoding=\"async\" title=\"WhatsApp Image 2023-04-06 at 08.31.07\" src=\"https:\/\/www.lablife.com.br\/site\/wp-content\/uploads\/2023\/04\/WhatsApp-Image-2023-04-06-at-08.31.07-600x414.jpeg\" alt=\"WhatsApp Image 2023-04-06 at 08.31.07\" width=\"600\" height=\"414\" \/><\/a><\/p>\n\n<ul class=\"wp-block-list\">\n<li>06\/04\/2023<\/li>\n<\/ul>\n\n<h3 class=\"wp-block-heading\"><a href=\"https:\/\/www.lablife.com.br\/site\/lablife-realiza-acao-de-pascoa-para-os-clientes\/\">Lablife realiza a\u00e7\u00e3o de P\u00e1scoa para os clientes<\/a><\/h3>\n\n<p><a href=\"https:\/\/www.lablife.com.br\/site\/lablife-realiza-acao-de-pascoa-para-os-clientes\/\"><br \/>Consulte Mais informa\u00e7\u00e3o<br \/><\/a><br \/><a href=\"https:\/\/www.lablife.com.br\/site\/lablife-participa-de-primeiro-forum-de-executivos-da-saude-no-piaui\/\"><img loading=\"lazy\" decoding=\"async\" title=\"WhatsApp Image 2023-04-03 at 10.15.04\" src=\"https:\/\/www.lablife.com.br\/site\/wp-content\/uploads\/2023\/04\/WhatsApp-Image-2023-04-03-at-10.15.04-600x414.jpeg\" alt=\"WhatsApp Image 2023-04-03 at 10.15.04\" width=\"600\" height=\"414\" \/><\/a><\/p>\n\n<ul class=\"wp-block-list\">\n<li>04\/04\/2023<\/li>\n<\/ul>\n\n<h3 class=\"wp-block-heading\"><a href=\"https:\/\/www.lablife.com.br\/site\/lablife-participa-de-primeiro-forum-de-executivos-da-saude-no-piaui\/\">Lablife participa de Primeiro F\u00f3rum de Executivos da Sa\u00fade no Piau\u00ed<\/a><\/h3>\n\n<p><a href=\"https:\/\/www.lablife.com.br\/site\/lablife-participa-de-primeiro-forum-de-executivos-da-saude-no-piaui\/\"><br \/>Consulte Mais informa\u00e7\u00e3o<br \/><\/a><\/p>\n\t\t\t\t\t\t\t\t<\/div>\n\t\t\t\t<\/div>\n\t\t\t\t\t<\/div>\n\t\t<\/div>\n\t\t\t\t\t<\/div>\n\t\t<\/section>\n\t\t\t\t<section class=\"elementor-section elementor-top-section elementor-element elementor-element-b150d9b elementor-section-boxed elementor-section-height-default elementor-section-height-default\" data-id=\"b150d9b\" data-element_type=\"section\">\n\t\t\t\t\t\t<div class=\"elementor-container elementor-column-gap-default\">\n\t\t\t\t\t<div class=\"elementor-column elementor-col-100 elementor-top-column elementor-element elementor-element-f3b3292\" data-id=\"f3b3292\" data-element_type=\"column\">\n\t\t\t<div class=\"elementor-widget-wrap elementor-element-populated\">\n\t\t\t\t\t\t<div class=\"elementor-element elementor-element-4af9484 elementor-widget elementor-widget-media-carousel\" data-id=\"4af9484\" data-element_type=\"widget\" data-widget_type=\"media-carousel.default\">\n\t\t\t\t<div class=\"elementor-widget-container\">\n\t\t\t\t\t \t\t\t\t<\/div>\n\t\t\t\t<\/div>\n\t\t\t\t\t<\/div>\n\t\t<\/div>\n\t\t\t\t\t<\/div>\n\t\t<\/section>\n\t\t\t\t<\/div>\n\t\t","protected":false},"excerpt":{"rendered":"<p>Agendamento Online Agende seus exames em uma de nossas unidadesAcessar Drive Thru Seja atendido em exames r\u00e1pidos de dentro do seu autom\u00f3velAgendar Coleta Domiciliar Algu\u00e9m de nossa equipe ira ate sua resid\u00eancia para coleta de materiaisAgendar Resultados Online Acesse o resultados dos seus exames feitosAcessarInstitucional Rede LabLife Ao longo de quase 20 anos de atua\u00e7\u00e3o, [&hellip;]<\/p>\n","protected":false},"author":1,"featured_media":0,"parent":0,"menu_order":0,"comment_status":"closed","ping_status":"closed","template":"","meta":{"footnotes":""},"class_list":["post-6596","page","type-page","status-publish","hentry"],"aioseo_notices":[],"_links":{"self":[{"href":"https:\/\/www.lablife.com.br\/site\/wp-json\/wp\/v2\/pages\/6596","targetHints":{"allow":["GET"]}}],"collection":[{"href":"https:\/\/www.lablife.com.br\/site\/wp-json\/wp\/v2\/pages"}],"about":[{"href":"https:\/\/www.lablife.com.br\/site\/wp-json\/wp\/v2\/types\/page"}],"author":[{"embeddable":true,"href":"https:\/\/www.lablife.com.br\/site\/wp-json\/wp\/v2\/users\/1"}],"replies":[{"embeddable":true,"href":"https:\/\/www.lablife.com.br\/site\/wp-json\/wp\/v2\/comments?post=6596"}],"version-history":[{"count":205,"href":"https:\/\/www.lablife.com.br\/site\/wp-json\/wp\/v2\/pages\/6596\/revisions"}],"predecessor-version":[{"id":7255,"href":"https:\/\/www.lablife.com.br\/site\/wp-json\/wp\/v2\/pages\/6596\/revisions\/7255"}],"wp:attachment":[{"href":"https:\/\/www.lablife.com.br\/site\/wp-json\/wp\/v2\/media?parent=6596"}],"curies":[{"name":"wp","href":"https:\/\/api.w.org\/{rel}","templated":true}]}}