{"id":6332,"date":"2021-09-27T08:36:40","date_gmt":"2021-09-27T11:36:40","guid":{"rendered":"https:\/\/www.lablife.com.br\/site\/?page_id=6332"},"modified":"2023-11-14T15:40:42","modified_gmt":"2023-11-14T18:40:42","slug":"postos-de-coleta","status":"publish","type":"page","link":"https:\/\/www.lablife.com.br\/site\/postos-de-coleta\/","title":{"rendered":"Postos de Coleta"},"content":{"rendered":"<p><b>Posto de Coleta Centrocardio<br \/>\n<\/b>Luc\u00eddio Freitas, 1881 &#8211; Mafu\u00e1, Teresina &#8211; PI, 64000-440<br \/>\n<span style=\"font-weight: 400;\">Hor\u00e1rio de Funcionamento:<br \/>\n<\/span><span style=\"font-weight: 400;\">Segunda a sexta: 07:00 \u00e0s 17:00<br \/>\n<\/span><span style=\"font-weight: 400;\">S\u00e1bado: fechado<\/span><\/p>\n<p><b>Posto de Coleta Luc\u00eddio Portella<\/b><\/p>\n<p>R. S\u00e3o Pedro, 2133 &#8211; Centro (Sul), Teresina &#8211; PI, 64001-260<br \/>\nHor\u00e1rio de Funcionamento:<br \/>\nSegunda a sexta: 07:00 \u00e0s 13:00<br \/>\nS\u00e1bado: 07:00 \u00e0s 12:00<\/p>\n<p><strong>Posto de Coleta Geri\u00e1trica<\/strong><\/p>\n<p>R. Tersandro Paz, 2065 &#8211; Centro (Sul), Teresina &#8211; PI, 64001-350<\/p>\n<p>Hor\u00e1rio de Funcionamento:<br \/>\nSegunda a sexta: 07:30 \u00e0s 11:30<\/p>\n<p>&nbsp;<\/p>\n<p>&nbsp;<\/p>\n","protected":false},"excerpt":{"rendered":"<p>Posto de Coleta Centrocardio Luc\u00eddio Freitas, 1881 &#8211; Mafu\u00e1, Teresina &#8211; PI, 64000-440 Hor\u00e1rio de Funcionamento: Segunda a sexta: 07:00 \u00e0s 17:00 S\u00e1bado: fechado Posto de Coleta Luc\u00eddio Portella R. S\u00e3o Pedro, 2133 &#8211; Centro (Sul), Teresina &#8211; PI, 64001-260 Hor\u00e1rio de Funcionamento: Segunda a sexta: 07:00 \u00e0s 13:00 S\u00e1bado: 07:00 \u00e0s 12:00 Posto de [&hellip;]<\/p>\n","protected":false},"author":1,"featured_media":0,"parent":0,"menu_order":0,"comment_status":"closed","ping_status":"closed","template":"","meta":{"footnotes":""},"class_list":["post-6332","page","type-page","status-publish","hentry"],"aioseo_notices":[],"_links":{"self":[{"href":"https:\/\/www.lablife.com.br\/site\/wp-json\/wp\/v2\/pages\/6332","targetHints":{"allow":["GET"]}}],"collection":[{"href":"https:\/\/www.lablife.com.br\/site\/wp-json\/wp\/v2\/pages"}],"about":[{"href":"https:\/\/www.lablife.com.br\/site\/wp-json\/wp\/v2\/types\/page"}],"author":[{"embeddable":true,"href":"https:\/\/www.lablife.com.br\/site\/wp-json\/wp\/v2\/users\/1"}],"replies":[{"embeddable":true,"href":"https:\/\/www.lablife.com.br\/site\/wp-json\/wp\/v2\/comments?post=6332"}],"version-history":[{"count":4,"href":"https:\/\/www.lablife.com.br\/site\/wp-json\/wp\/v2\/pages\/6332\/revisions"}],"predecessor-version":[{"id":7218,"href":"https:\/\/www.lablife.com.br\/site\/wp-json\/wp\/v2\/pages\/6332\/revisions\/7218"}],"wp:attachment":[{"href":"https:\/\/www.lablife.com.br\/site\/wp-json\/wp\/v2\/media?parent=6332"}],"curies":[{"name":"wp","href":"https:\/\/api.w.org\/{rel}","templated":true}]}}