{"id":6210,"date":"2021-09-26T20:54:32","date_gmt":"2021-09-26T23:54:32","guid":{"rendered":"https:\/\/www.lablife.com.br\/site\/?page_id=6210"},"modified":"2022-05-06T15:28:23","modified_gmt":"2022-05-06T18:28:23","slug":"exames","status":"publish","type":"page","link":"https:\/\/www.lablife.com.br\/site\/exames\/","title":{"rendered":"Exames"},"content":{"rendered":"<p>A qualidade LabLife atua em diversas \u00e1reas das an\u00e1lises cl\u00ednicas, dentre elas est\u00e3o:<\/p>\n<ul>\n<li><strong>Biologia Molecular <\/strong><\/li>\n<\/ul>\n<p>Somos pioneiros na implementa\u00e7\u00e3o da tecnologia de Biologia Molecular para testes de Covid-19 de forma automatizada, em todo o Piau\u00ed. Por isso, somos capazes de realizar testes RT-PCR para corona v\u00edrus com resultados no mesmo dia da coleta. LabLife conta ainda com ensaios moleculares para o diagn\u00f3stico de doen\u00e7as da coagula\u00e7\u00e3o (trombofilias).<\/p>\n<ul>\n<li><strong>Hematologia<\/strong><\/li>\n<\/ul>\n<p>Realizamos o diagn\u00f3stico de doen\u00e7as relacionadas ao sangue e aos \u00f3rg\u00e3os hematopoi\u00e9ticos (medula \u00f3ssea, g\u00e2nglios e ba\u00e7o). Por meio de exames de sangue espec\u00edficos, nossa equipe t\u00e9cnica pode descobrir se h\u00e1 algum componente do sangue que est\u00e1 alterado e que pode estar causando problemas de sa\u00fade diversos aos pacientes.<\/p>\n<ul>\n<li><strong>Microbiologia<\/strong><\/li>\n<\/ul>\n<p>Em nosso setor de microbiologia, realizamos exames como cultura de urina, orofaringe e outras secre\u00e7\u00f5es, a fim de diagnosticar doen\u00e7as infecciosas relacionadas, por exemplo, a atividades bacterianas nocivas presentes no organismo.<\/p>\n<ul>\n<li><strong>Urin\u00e1lise<\/strong><\/li>\n<\/ul>\n<p>A urin\u00e1lise \u00e9 um grupo de exames qu\u00edmicos e microsc\u00f3picos. Detecta produtos normais e anormais do <a href=\"https:\/\/labtestsonline.org.br\/glossary\/metabolism\">metabolismo<\/a>, c\u00e9lulas, fragmentos de c\u00e9lulas e <a href=\"https:\/\/labtestsonline.org.br\/glossary\/bacterium\">bact\u00e9rias<\/a> na urina. Altera\u00e7\u00f5es da composi\u00e7\u00e3o da urina podem indicar problemas metab\u00f3licos ou problemas renais.<\/p>\n<ul>\n<li><strong>Parasitologia<\/strong><\/li>\n<\/ul>\n<p>Atrav\u00e9s da parasitologia podemos diagnosticar organismos (parasitas) que vivem em associa\u00e7\u00e3o com outros organismos (hospedeiro), do qual retira os meios para sua sobreviv\u00eancia, causando preju\u00edzos \u2013 ou seja, doen\u00e7as \u2013 ao hospedeiro durante este processo.<\/p>\n<ul>\n<li><strong>Horm\u00f4nios<\/strong><\/li>\n<\/ul>\n<p>O setor de horm\u00f4nios \u00e9 respons\u00e1vel por testes hormonais. Os exames dizem respeito \u00e0 fun\u00e7\u00e3o reprodutora, da tire\u00f3ide, da pr\u00f3stata, etc., a exemplo das dosagens de PSA (Ant\u00edgeno Prost\u00e1tico Espec\u00edfico) e TSH (Horm\u00f4nio Estimulador da Tire\u00f3ide).<\/p>\n<ul>\n<li><strong>Imunologia <\/strong><\/li>\n<\/ul>\n<p>No setor de imunologia s\u00e3o realizados os testes sorol\u00f3gicos a fim de identificar doen\u00e7as relacionadas a altera\u00e7\u00f5es na imunidade e respostas contra infec\u00e7\u00f5es como rub\u00e9ola, toxoplasmose e dengue. Para realizar os testes, o setor utiliza t\u00e9cnicas de soroaglutina\u00e7\u00e3o, enzimaimunoensaio, fluorimetria, quimioluminesc\u00eancia e imunofluoresc\u00eancia.<\/p>\n<ul>\n<li><strong>DNA &#8211; Teste de paternidade<\/strong><\/li>\n<\/ul>\n<p>Oferecemos testes de DNA para o diagn\u00f3stico molecular, prova de portadores e diagn\u00f3stico pr\u00e9-natal de desordens heredit\u00e1rias.<\/p>\n","protected":false},"excerpt":{"rendered":"<p>A qualidade LabLife atua em diversas \u00e1reas das an\u00e1lises cl\u00ednicas, dentre elas est\u00e3o: Biologia Molecular Somos pioneiros na implementa\u00e7\u00e3o da tecnologia de Biologia Molecular para testes de Covid-19 de forma automatizada, em todo o Piau\u00ed. Por isso, somos capazes de realizar testes RT-PCR para corona v\u00edrus com resultados no mesmo dia da coleta. LabLife conta [&hellip;]<\/p>\n","protected":false},"author":1,"featured_media":0,"parent":0,"menu_order":0,"comment_status":"closed","ping_status":"closed","template":"","meta":{"footnotes":""},"class_list":["post-6210","page","type-page","status-publish","hentry"],"aioseo_notices":[],"_links":{"self":[{"href":"https:\/\/www.lablife.com.br\/site\/wp-json\/wp\/v2\/pages\/6210","targetHints":{"allow":["GET"]}}],"collection":[{"href":"https:\/\/www.lablife.com.br\/site\/wp-json\/wp\/v2\/pages"}],"about":[{"href":"https:\/\/www.lablife.com.br\/site\/wp-json\/wp\/v2\/types\/page"}],"author":[{"embeddable":true,"href":"https:\/\/www.lablife.com.br\/site\/wp-json\/wp\/v2\/users\/1"}],"replies":[{"embeddable":true,"href":"https:\/\/www.lablife.com.br\/site\/wp-json\/wp\/v2\/comments?post=6210"}],"version-history":[{"count":1,"href":"https:\/\/www.lablife.com.br\/site\/wp-json\/wp\/v2\/pages\/6210\/revisions"}],"predecessor-version":[{"id":6212,"href":"https:\/\/www.lablife.com.br\/site\/wp-json\/wp\/v2\/pages\/6210\/revisions\/6212"}],"wp:attachment":[{"href":"https:\/\/www.lablife.com.br\/site\/wp-json\/wp\/v2\/media?parent=6210"}],"curies":[{"name":"wp","href":"https:\/\/api.w.org\/{rel}","templated":true}]}}