{"id":6087,"date":"2021-08-09T15:28:54","date_gmt":"2021-08-09T18:28:54","guid":{"rendered":"https:\/\/www.lablife.com.br\/site\/?page_id=6087"},"modified":"2023-10-10T14:53:46","modified_gmt":"2023-10-10T17:53:46","slug":"unidades","status":"publish","type":"page","link":"https:\/\/www.lablife.com.br\/site\/unidades\/","title":{"rendered":"Unidades"},"content":{"rendered":"<p><b>Unidade Fam\u00edlia<\/b><\/p>\n<p>&nbsp;<\/p>\n<ol>\n<li><span style=\"font-weight: 400;\"> Des. Pires de Castro, 265 &#8211; Centro (Sul), Teresina &#8211; PI, 64001-390<\/span><\/li>\n<\/ol>\n<ul>\n<li style=\"font-weight: 400;\" aria-level=\"1\"><span style=\"font-weight: 400;\">Hor\u00e1rio de Funcionamento:<\/span><\/li>\n<\/ul>\n<p><span style=\"font-weight: 400;\">\u00a0\u00a0\u00a0\u00a0\u00a0\u00a0Segunda a sexta: 06:30 \u00e0s 17:30<\/span><\/p>\n<p><span style=\"font-weight: 400;\">\u00a0\u00a0\u00a0\u00a0\u00a0\u00a0S\u00e1bado: 07h \u00e0s 13h\u00a0<\/span><\/p>\n<p>&nbsp;<\/p>\n<p><b>Unidade Jockey\u00a0<\/b><\/p>\n<p><span style=\"font-weight: 400;\">Av. Dom Severino, 2212 &#8211; F\u00e1tima, Teresina &#8211; PI, 64049-375<\/span><\/p>\n<ul>\n<li style=\"font-weight: 400;\" aria-level=\"1\"><span style=\"font-weight: 400;\">Hor\u00e1rio de Funcionamento:<\/span><\/li>\n<\/ul>\n<p><span style=\"font-weight: 400;\">\u00a0\u00a0\u00a0\u00a0\u00a0\u00a0Segunda a sexta: 07:00 \u00e0s 17:00<\/span><\/p>\n<p><span style=\"font-weight: 400;\">\u00a0\u00a0\u00a0\u00a0\u00a0\u00a0S\u00e1bado: 07h \u00e0s 17h\u00a0<\/span><\/p>\n<p>&nbsp;<\/p>\n<p><b>Unidade MedJockey\u00a0<\/b><\/p>\n<p><span style=\"font-weight: 400;\">Av. Sen. Ar\u00eaa Le\u00e3o, 1480 &#8211; S\u00e3o Crist\u00f3v\u00e3o, Teresina &#8211; PI, 64045-040<\/span><\/p>\n<p><b>Departamentos: <\/b><span style=\"font-weight: 400;\">Hospital <\/span><span style=\"font-weight: 400;\">Fl\u00e1vio<\/span><span style=\"font-weight: 400;\"> Santos<\/span><\/p>\n<ul>\n<li style=\"font-weight: 400;\" aria-level=\"1\"><span style=\"font-weight: 400;\">Hor\u00e1rio de Funcionamento:<\/span><\/li>\n<\/ul>\n<p><span style=\"font-weight: 400;\">\u00a0\u00a0\u00a0\u00a0\u00a0\u00a0Segunda a sexta: 07:00 \u00e0s 19:00<br \/>\n<\/span><\/p>\n<p><span style=\"font-weight: 400;\">\u00a0\u00a0\u00a0\u00a0\u00a0\u00a0S\u00e1bado: fechado<\/span><\/p>\n<p>&nbsp;<\/p>\n<p>&nbsp;<\/p>\n<p><b>Unidade Lourival Parente\u00a0<\/b><\/p>\n<ol>\n<li><span style=\"font-weight: 400;\"> Marechal\u00a0 Hermes da Fonseca, 429 &#8211; Lourival Parente, Teresina &#8211; PI, 64022-150<\/span><\/li>\n<\/ol>\n<ul>\n<li style=\"font-weight: 400;\" aria-level=\"1\"><span style=\"font-weight: 400;\">Hor\u00e1rio de Funcionamento:<\/span><\/li>\n<\/ul>\n<p><span style=\"font-weight: 400;\">\u00a0\u00a0\u00a0\u00a0\u00a0\u00a0Segunda a sexta: 06:30 \u00e0s 13:00<\/span><\/p>\n<p><span style=\"font-weight: 400;\">\u00a0\u00a0\u00a0\u00a0\u00a0\u00a0S\u00e1bado: 07:00 \u00e0s 13:00<br \/>\n<\/span><\/p>\n<p>&nbsp;<\/p>\n<p><b>Unidade Caxias\u00a0<\/b><\/p>\n<p><span style=\"font-weight: 400;\">Caxias Sopping Center Rodovia BR-316, Km 554 4362 &#8211; Bela Vista, Caxias &#8211; MA, 65605-295<\/span><\/p>\n<ul>\n<li style=\"font-weight: 400;\" aria-level=\"1\"><span style=\"font-weight: 400;\">Hor\u00e1rio de Funcionamento:<\/span><\/li>\n<\/ul>\n<p><span style=\"font-weight: 400;\">\u00a0\u00a0\u00a0\u00a0\u00a0\u00a0Segunda a sexta: 07:00 \u00e0s 16:00<\/span><\/p>\n<p><span style=\"font-weight: 400;\">\u00a0\u00a0\u00a0\u00a0\u00a0\u00a0S\u00e1bado: fechado<\/span><\/p>\n<p>&nbsp;<\/p>\n<p><b>Posto de Coleta HTI\u00a0<\/b><\/p>\n<p><span style=\"font-weight: 400;\">\u00a0<\/span><span style=\"font-weight: 400;\">Av. Le\u00f4nidas Melo, 370 &#8211; Pi\u00e7arra, Teresina &#8211; PI, 64015-120<\/span><\/p>\n<ul>\n<li style=\"font-weight: 400;\" aria-level=\"1\"><span style=\"font-weight: 400;\">Hor\u00e1rio de Funcionamento:<\/span><\/li>\n<\/ul>\n<p><span style=\"font-weight: 400;\">\u00a0\u00a0\u00a0\u00a0\u00a0\u00a0Segunda a sexta: 07:00 \u00e0s 17:00<\/span><\/p>\n<p><span style=\"font-weight: 400;\">\u00a0\u00a0\u00a0\u00a0\u00a0\u00a0S\u00e1bado: fechado<\/span><\/p>\n<p>&nbsp;<\/p>\n<p><b>Posto de Coleta Centrocardio<\/b><\/p>\n<ol>\n<li><span style=\"font-weight: 400;\"> Luc\u00eddio Freitas, 1881 &#8211; Mafu\u00e1, Teresina &#8211; PI, 64000-440<\/span><\/li>\n<\/ol>\n<ul>\n<li style=\"font-weight: 400;\" aria-level=\"1\"><span style=\"font-weight: 400;\">Hor\u00e1rio de Funcionamento:<\/span><\/li>\n<\/ul>\n<p><span style=\"font-weight: 400;\">\u00a0\u00a0\u00a0\u00a0\u00a0\u00a0Segunda a sexta: 07:00 \u00e0s 17:00<\/span><\/p>\n<p><span style=\"font-weight: 400;\">\u00a0\u00a0\u00a0\u00a0\u00a0\u00a0S\u00e1bado: fechado<\/span><\/p>\n<p>&nbsp;<\/p>\n<p><b>Posto de coleta Luc\u00eddio Portella<\/b><\/p>\n<ol>\n<li><span style=\"font-weight: 400;\"> S\u00e3o Pedro, 2133 &#8211; Centro (Sul), Teresina &#8211; PI, 64001-260<\/span><\/li>\n<\/ol>\n<ul>\n<li style=\"font-weight: 400;\" aria-level=\"1\"><span style=\"font-weight: 400;\">Hor\u00e1rio de Funcionamento:<\/span><\/li>\n<\/ul>\n<p><span style=\"font-weight: 400;\">\u00a0\u00a0\u00a0\u00a0\u00a0\u00a0Segunda a sexta: 07:00 \u00e0s 13:00<\/span><\/p>\n<p><span style=\"font-weight: 400;\">\u00a0\u00a0\u00a0\u00a0\u00a0\u00a0S\u00e1bado: fechado<\/span><\/p>\n","protected":false},"excerpt":{"rendered":"<p>Unidade Fam\u00edlia &nbsp; Des. Pires de Castro, 265 &#8211; Centro (Sul), Teresina &#8211; PI, 64001-390 Hor\u00e1rio de Funcionamento: \u00a0\u00a0\u00a0\u00a0\u00a0\u00a0Segunda a sexta: 06:30 \u00e0s 17:30 \u00a0\u00a0\u00a0\u00a0\u00a0\u00a0S\u00e1bado: 07h \u00e0s 13h\u00a0 &nbsp; Unidade Jockey\u00a0 Av. Dom Severino, 2212 &#8211; F\u00e1tima, Teresina &#8211; PI, 64049-375 Hor\u00e1rio de Funcionamento: \u00a0\u00a0\u00a0\u00a0\u00a0\u00a0Segunda a sexta: 07:00 \u00e0s 17:00 \u00a0\u00a0\u00a0\u00a0\u00a0\u00a0S\u00e1bado: 07h \u00e0s 17h\u00a0 &nbsp; [&hellip;]<\/p>\n","protected":false},"author":1,"featured_media":0,"parent":0,"menu_order":0,"comment_status":"closed","ping_status":"closed","template":"","meta":{"footnotes":""},"class_list":["post-6087","page","type-page","status-publish","hentry"],"aioseo_notices":[],"_links":{"self":[{"href":"https:\/\/www.lablife.com.br\/site\/wp-json\/wp\/v2\/pages\/6087","targetHints":{"allow":["GET"]}}],"collection":[{"href":"https:\/\/www.lablife.com.br\/site\/wp-json\/wp\/v2\/pages"}],"about":[{"href":"https:\/\/www.lablife.com.br\/site\/wp-json\/wp\/v2\/types\/page"}],"author":[{"embeddable":true,"href":"https:\/\/www.lablife.com.br\/site\/wp-json\/wp\/v2\/users\/1"}],"replies":[{"embeddable":true,"href":"https:\/\/www.lablife.com.br\/site\/wp-json\/wp\/v2\/comments?post=6087"}],"version-history":[{"count":4,"href":"https:\/\/www.lablife.com.br\/site\/wp-json\/wp\/v2\/pages\/6087\/revisions"}],"predecessor-version":[{"id":7199,"href":"https:\/\/www.lablife.com.br\/site\/wp-json\/wp\/v2\/pages\/6087\/revisions\/7199"}],"wp:attachment":[{"href":"https:\/\/www.lablife.com.br\/site\/wp-json\/wp\/v2\/media?parent=6087"}],"curies":[{"name":"wp","href":"https:\/\/api.w.org\/{rel}","templated":true}]}}